{"id":1117,"date":"2024-08-06T14:33:04","date_gmt":"2024-08-06T14:33:04","guid":{"rendered":"https:\/\/kuerkaltio.louru.fi\/?page_id=1117"},"modified":"2024-11-25T15:09:14","modified_gmt":"2024-11-25T13:09:14","slug":"privacy-policy","status":"publish","type":"page","link":"https:\/\/kuerkaltio.fi\/en\/tietosuojaseloste\/","title":{"rendered":"Privacy statement"},"content":{"rendered":"<div data-elementor-type=\"wp-page\" data-elementor-id=\"1117\" class=\"elementor elementor-1117\" data-elementor-post-type=\"page\">\n\t\t\t\t\t\t<section data-particle_enable=\"false\" data-particle-mobile-disabled=\"false\" class=\"elementor-section elementor-top-section elementor-element elementor-element-40a00f7 elementor-section-full_width elementor-section-height-min-height elementor-section-items-stretch elementor-section-height-default\" data-id=\"40a00f7\" data-element_type=\"section\" data-e-type=\"section\" data-settings=\"{&quot;background_background&quot;:&quot;classic&quot;}\">\n\t\t\t\t\t\t\t<div class=\"elementor-background-overlay\"><\/div>\n\t\t\t\t\t\t\t<div class=\"elementor-container elementor-column-gap-default\">\n\t\t\t\t\t<div class=\"elementor-column elementor-col-100 elementor-top-column elementor-element elementor-element-956f4fd\" data-id=\"956f4fd\" data-element_type=\"column\" data-e-type=\"column\">\n\t\t\t<div class=\"elementor-widget-wrap elementor-element-populated\">\n\t\t\t\t\t\t<div class=\"elementor-element elementor-element-b01c983 elementor-invisible elementor-widget elementor-widget-heading\" data-id=\"b01c983\" data-element_type=\"widget\" data-e-type=\"widget\" data-settings=\"{&quot;_animation&quot;:&quot;fadeInUp&quot;}\" data-widget_type=\"heading.default\">\n\t\t\t\t<div class=\"elementor-widget-container\">\n\t\t\t\t\t<h1 class=\"elementor-heading-title elementor-size-default\">Privacy statement<\/h1>\t\t\t\t<\/div>\n\t\t\t\t<\/div>\n\t\t\t\t\t<\/div>\n\t\t<\/div>\n\t\t\t\t\t<\/div>\n\t\t<\/section>\n\t\t\t\t<section data-particle_enable=\"false\" data-particle-mobile-disabled=\"false\" class=\"elementor-section elementor-top-section elementor-element elementor-element-57ec5493 elementor-section-boxed elementor-section-height-default elementor-section-height-default\" data-id=\"57ec5493\" data-element_type=\"section\" data-e-type=\"section\" data-settings=\"{&quot;background_background&quot;:&quot;classic&quot;}\">\n\t\t\t\t\t\t<div class=\"elementor-container elementor-column-gap-default\">\n\t\t\t\t\t<div class=\"elementor-column elementor-col-100 elementor-top-column elementor-element elementor-element-1dd6c719\" data-id=\"1dd6c719\" data-element_type=\"column\" data-e-type=\"column\">\n\t\t\t<div class=\"elementor-widget-wrap elementor-element-populated\">\n\t\t\t\t\t\t<div class=\"elementor-element elementor-element-5fe62637 elementor-invisible elementor-widget elementor-widget-heading\" data-id=\"5fe62637\" data-element_type=\"widget\" data-e-type=\"widget\" data-settings=\"{&quot;_animation&quot;:&quot;fadeInUp&quot;,&quot;_animation_mobile&quot;:&quot;fadeInUp&quot;}\" data-widget_type=\"heading.default\">\n\t\t\t\t<div class=\"elementor-widget-container\">\n\t\t\t\t\t<h2 class=\"elementor-heading-title elementor-size-default\">REGISTRY AND PRIVACY STATEMENT\n<\/h2>\t\t\t\t<\/div>\n\t\t\t\t<\/div>\n\t\t\t\t<div class=\"elementor-element elementor-element-2dd70c7c elementor-widget elementor-widget-text-editor\" data-id=\"2dd70c7c\" data-element_type=\"widget\" data-e-type=\"widget\" data-widget_type=\"text-editor.default\">\n\t\t\t\t<div class=\"elementor-widget-container\">\n\t\t\t\t\t\t\t\t\t<div class=\"elementor-element elementor-element-af60be1 elementor-widget elementor-widget-heading\" data-id=\"af60be1\" data-element_type=\"widget\" data-widget_type=\"heading.default\"><div class=\"elementor-widget-container\"><div data-id=\"896c0e9\" data-element_type=\"widget\" data-widget_type=\"text-editor.default\"><div><p>This is the register and privacy notice of Kuerkaltio Holiday Village in accordance with the EU General Data Protection Regulation (GDPR). Compiled on October 24, 2024.<\/p><\/div><\/div><div class=\"elementor-element elementor-element-f8c341b elementor-widget elementor-widget-heading\" data-id=\"f8c341b\" data-element_type=\"widget\" data-widget_type=\"heading.default\"><div class=\"elementor-widget-container\">\u00a0<\/div><\/div><\/div><\/div>\t\t\t\t\t\t\t\t<\/div>\n\t\t\t\t<\/div>\n\t\t\t\t<div class=\"elementor-element elementor-element-4192a3b2 elementor-invisible elementor-widget elementor-widget-heading\" data-id=\"4192a3b2\" data-element_type=\"widget\" data-e-type=\"widget\" data-settings=\"{&quot;_animation&quot;:&quot;fadeInUp&quot;,&quot;_animation_mobile&quot;:&quot;fadeInUp&quot;}\" data-widget_type=\"heading.default\">\n\t\t\t\t<div class=\"elementor-widget-container\">\n\t\t\t\t\t<h3 class=\"elementor-heading-title elementor-size-default\">DATA CONTROLLER\n<\/h3>\t\t\t\t<\/div>\n\t\t\t\t<\/div>\n\t\t\t\t<div class=\"elementor-element elementor-element-0c17e0c elementor-widget elementor-widget-text-editor\" data-id=\"0c17e0c\" data-element_type=\"widget\" data-e-type=\"widget\" data-widget_type=\"text-editor.default\">\n\t\t\t\t<div class=\"elementor-widget-container\">\n\t\t\t\t\t\t\t\t\t<p>Kiinteist\u00f6 Oy Kuerkaltio, Kuerkaltion Lomakyl\u00e4\u00a0 \u00a0 \u00a0 \u00a0 \u00a0 \u00a0 \u00a0 \u00a0 \u00a0 \u00a0 \u00a0 \u00a0 \u00a0 \u00a0 \u00a0 \u00a0 \u00a0 \u00a0 \u00a0 \u00a0 \u00a0 \u00a0 \u00a0 \u00a0 \u00a0 \u00a0 \u00a0 \u00a0 \u00a0 \u00a0 \u00a0 \u00a0 \u00a0 \u00a0 \u00a0 \u00a0\u00a0<br \/>Karhukoantie 6<br \/>95970 \u00c4k\u00e4slompolo<\/p><p>Phone: +358 16 5100 100 <br \/>Emai:\u00a0<a href=\"mailto:infon.hoitaja@kuerkaltio.fi\"><span id=\"cloak37a3a7f65651df7c2331cfd02dc30893\">infon.hoitaja@kuerkaltio.fi<\/span><br \/><\/a>Business ID: 0720657-0<\/p>\t\t\t\t\t\t\t\t<\/div>\n\t\t\t\t<\/div>\n\t\t\t\t<div class=\"elementor-element elementor-element-1809656f elementor-invisible elementor-widget elementor-widget-heading\" data-id=\"1809656f\" data-element_type=\"widget\" data-e-type=\"widget\" data-settings=\"{&quot;_animation&quot;:&quot;fadeInUp&quot;,&quot;_animation_mobile&quot;:&quot;fadeInUp&quot;}\" data-widget_type=\"heading.default\">\n\t\t\t\t<div class=\"elementor-widget-container\">\n\t\t\t\t\t<h3 class=\"elementor-heading-title elementor-size-default\">REQUESTS RELATED TO DATA PROTECTION\n<\/h3>\t\t\t\t<\/div>\n\t\t\t\t<\/div>\n\t\t\t\t<div class=\"elementor-element elementor-element-792c688d elementor-widget elementor-widget-text-editor\" data-id=\"792c688d\" data-element_type=\"widget\" data-e-type=\"widget\" data-widget_type=\"text-editor.default\">\n\t\t\t\t<div class=\"elementor-widget-container\">\n\t\t\t\t\t\t\t\t\t<div data-id=\"af60be1\" data-element_type=\"widget\" data-widget_type=\"heading.default\"><div><div data-id=\"896c0e9\" data-element_type=\"widget\" data-widget_type=\"text-editor.default\"><div><p>Data protection requests are handled by <a href=\"https:\/\/louru.fi\/\" target=\"_blank\" rel=\"noopener\">Louru Oy<\/a>.<\/p><\/div><\/div><\/div><\/div>\t\t\t\t\t\t\t\t<\/div>\n\t\t\t\t<\/div>\n\t\t\t\t<div class=\"elementor-element elementor-element-f600503 elementor-invisible elementor-widget elementor-widget-heading\" data-id=\"f600503\" data-element_type=\"widget\" data-e-type=\"widget\" data-settings=\"{&quot;_animation&quot;:&quot;fadeInUp&quot;,&quot;_animation_mobile&quot;:&quot;fadeInUp&quot;}\" data-widget_type=\"heading.default\">\n\t\t\t\t<div class=\"elementor-widget-container\">\n\t\t\t\t\t<h3 class=\"elementor-heading-title elementor-size-default\">NAME OF THE REGISTER\n<\/h3>\t\t\t\t<\/div>\n\t\t\t\t<\/div>\n\t\t\t\t<div class=\"elementor-element elementor-element-43c70942 elementor-widget elementor-widget-text-editor\" data-id=\"43c70942\" data-element_type=\"widget\" data-e-type=\"widget\" data-widget_type=\"text-editor.default\">\n\t\t\t\t<div class=\"elementor-widget-container\">\n\t\t\t\t\t\t\t\t\t<div data-id=\"af60be1\" data-element_type=\"widget\" data-widget_type=\"heading.default\"><div><div data-id=\"896c0e9\" data-element_type=\"widget\" data-widget_type=\"text-editor.default\"><div><p>Kuerkaltion Lomakyl\u00e4n verkkopalvelun k\u00e4ytt\u00e4j\u00e4rekisteri.<\/p><\/div><\/div><\/div><\/div>\t\t\t\t\t\t\t\t<\/div>\n\t\t\t\t<\/div>\n\t\t\t\t<div class=\"elementor-element elementor-element-22e30fd6 elementor-invisible elementor-widget elementor-widget-heading\" data-id=\"22e30fd6\" data-element_type=\"widget\" data-e-type=\"widget\" data-settings=\"{&quot;_animation&quot;:&quot;fadeInUp&quot;,&quot;_animation_mobile&quot;:&quot;fadeInUp&quot;}\" data-widget_type=\"heading.default\">\n\t\t\t\t<div class=\"elementor-widget-container\">\n\t\t\t\t\t<h3 class=\"elementor-heading-title elementor-size-default\">PURPOSE OF PROCESSING PERSONAL DATA\n<\/h3>\t\t\t\t<\/div>\n\t\t\t\t<\/div>\n\t\t\t\t<div class=\"elementor-element elementor-element-1cc4a3f3 elementor-widget elementor-widget-text-editor\" data-id=\"1cc4a3f3\" data-element_type=\"widget\" data-e-type=\"widget\" data-widget_type=\"text-editor.default\">\n\t\t\t\t<div class=\"elementor-widget-container\">\n\t\t\t\t\t\t\t\t\t<div data-id=\"af60be1\" data-element_type=\"widget\" data-widget_type=\"heading.default\"><div><div data-id=\"896c0e9\" data-element_type=\"widget\" data-widget_type=\"text-editor.default\"><div><p>The purpose of processing personal data is to communicate with customers, maintain customer relationships, and marketing. Additionally, the collected data may be used to develop the online service. The data will not be used for automated decision-making or profiling.<\/p><\/div><\/div><\/div><\/div>\t\t\t\t\t\t\t\t<\/div>\n\t\t\t\t<\/div>\n\t\t\t\t<div class=\"elementor-element elementor-element-ecbe61 elementor-invisible elementor-widget elementor-widget-heading\" data-id=\"ecbe61\" data-element_type=\"widget\" data-e-type=\"widget\" data-settings=\"{&quot;_animation&quot;:&quot;fadeInUp&quot;,&quot;_animation_mobile&quot;:&quot;fadeInUp&quot;}\" data-widget_type=\"heading.default\">\n\t\t\t\t<div class=\"elementor-widget-container\">\n\t\t\t\t\t<h3 class=\"elementor-heading-title elementor-size-default\">CONTENT OF THE REGISTER\n<\/h3>\t\t\t\t<\/div>\n\t\t\t\t<\/div>\n\t\t\t\t<div class=\"elementor-element elementor-element-16657347 elementor-widget elementor-widget-text-editor\" data-id=\"16657347\" data-element_type=\"widget\" data-e-type=\"widget\" data-widget_type=\"text-editor.default\">\n\t\t\t\t<div class=\"elementor-widget-container\">\n\t\t\t\t\t\t\t\t\t<div data-id=\"af60be1\" data-element_type=\"widget\" data-widget_type=\"heading.default\"><div><div data-id=\"896c0e9\" data-element_type=\"widget\" data-widget_type=\"text-editor.default\"><div><p>The data stored in the register includes: the person\u2019s name, company name, contact information (phone number, email address, address), website addresses, details of ordered services and their changes, billing information, and other information related to customer relationships and ordered services.<\/p><p>Data will be retained indefinitely.<\/p><\/div><\/div><\/div><\/div>\t\t\t\t\t\t\t\t<\/div>\n\t\t\t\t<\/div>\n\t\t\t\t<div class=\"elementor-element elementor-element-f7b6387 elementor-invisible elementor-widget elementor-widget-heading\" data-id=\"f7b6387\" data-element_type=\"widget\" data-e-type=\"widget\" data-settings=\"{&quot;_animation&quot;:&quot;fadeInUp&quot;,&quot;_animation_mobile&quot;:&quot;fadeInUp&quot;}\" data-widget_type=\"heading.default\">\n\t\t\t\t<div class=\"elementor-widget-container\">\n\t\t\t\t\t<h3 class=\"elementor-heading-title elementor-size-default\">REGULAR SOURCES OF INFORMATION\n<\/h3>\t\t\t\t<\/div>\n\t\t\t\t<\/div>\n\t\t\t\t<div class=\"elementor-element elementor-element-23de5cb4 elementor-widget elementor-widget-text-editor\" data-id=\"23de5cb4\" data-element_type=\"widget\" data-e-type=\"widget\" data-widget_type=\"text-editor.default\">\n\t\t\t\t<div class=\"elementor-widget-container\">\n\t\t\t\t\t\t\t\t\t<div data-id=\"af60be1\" data-element_type=\"widget\" data-widget_type=\"heading.default\"><div><div data-id=\"896c0e9\" data-element_type=\"widget\" data-widget_type=\"text-editor.default\"><div><p>The data stored in the register is obtained from customers via email, phone, social media services, contracts, customer meetings, and other situations where the customer provides their information.<\/p><p>Information about contact persons from companies and other organizations may also be collected from public sources such as websites, directory services, and other companies.<\/p><\/div><\/div><\/div><\/div>\t\t\t\t\t\t\t\t<\/div>\n\t\t\t\t<\/div>\n\t\t\t\t<div class=\"elementor-element elementor-element-1c541e90 elementor-invisible elementor-widget elementor-widget-heading\" data-id=\"1c541e90\" data-element_type=\"widget\" data-e-type=\"widget\" data-settings=\"{&quot;_animation&quot;:&quot;fadeInUp&quot;,&quot;_animation_mobile&quot;:&quot;fadeInUp&quot;}\" data-widget_type=\"heading.default\">\n\t\t\t\t<div class=\"elementor-widget-container\">\n\t\t\t\t\t<h3 class=\"elementor-heading-title elementor-size-default\">TRANSFER OF DATA OUTSIDE THE EU OR EEA\n<\/h3>\t\t\t\t<\/div>\n\t\t\t\t<\/div>\n\t\t\t\t<div class=\"elementor-element elementor-element-6b59bae7 elementor-widget elementor-widget-text-editor\" data-id=\"6b59bae7\" data-element_type=\"widget\" data-e-type=\"widget\" data-widget_type=\"text-editor.default\">\n\t\t\t\t<div class=\"elementor-widget-container\">\n\t\t\t\t\t\t\t\t\t<div data-id=\"af60be1\" data-element_type=\"widget\" data-widget_type=\"heading.default\"><div><div data-id=\"896c0e9\" data-element_type=\"widget\" data-widget_type=\"text-editor.default\"><div><p>Data is not regularly disclosed to other parties. Data may be published to the extent agreed upon with the customer. Data may also be transferred by the data controller outside the EU or EEA.<\/p><\/div><\/div><\/div><\/div>\t\t\t\t\t\t\t\t<\/div>\n\t\t\t\t<\/div>\n\t\t\t\t<div class=\"elementor-element elementor-element-5d6234d2 elementor-invisible elementor-widget elementor-widget-heading\" data-id=\"5d6234d2\" data-element_type=\"widget\" data-e-type=\"widget\" data-settings=\"{&quot;_animation&quot;:&quot;fadeInUp&quot;,&quot;_animation_mobile&quot;:&quot;fadeInUp&quot;}\" data-widget_type=\"heading.default\">\n\t\t\t\t<div class=\"elementor-widget-container\">\n\t\t\t\t\t<h3 class=\"elementor-heading-title elementor-size-default\">PRINCIPLES OF REGISTER SECURITY\n<\/h3>\t\t\t\t<\/div>\n\t\t\t\t<\/div>\n\t\t\t\t<div class=\"elementor-element elementor-element-18eda6bd elementor-widget elementor-widget-text-editor\" data-id=\"18eda6bd\" data-element_type=\"widget\" data-e-type=\"widget\" data-widget_type=\"text-editor.default\">\n\t\t\t\t<div class=\"elementor-widget-container\">\n\t\t\t\t\t\t\t\t\t<div data-id=\"af60be1\" data-element_type=\"widget\" data-widget_type=\"heading.default\"><div><div data-id=\"896c0e9\" data-element_type=\"widget\" data-widget_type=\"text-editor.default\"><div><p>The data controller ensures that the stored data, as well as access rights to servers and other information critical to data security, are handled confidentially and only by employees whose job description includes this.<\/p><\/div><\/div><\/div><\/div>\t\t\t\t\t\t\t\t<\/div>\n\t\t\t\t<\/div>\n\t\t\t\t<div class=\"elementor-element elementor-element-2644dcf1 elementor-invisible elementor-widget elementor-widget-heading\" data-id=\"2644dcf1\" data-element_type=\"widget\" data-e-type=\"widget\" data-settings=\"{&quot;_animation&quot;:&quot;fadeInUp&quot;,&quot;_animation_mobile&quot;:&quot;fadeInUp&quot;}\" data-widget_type=\"heading.default\">\n\t\t\t\t<div class=\"elementor-widget-container\">\n\t\t\t\t\t<h3 class=\"elementor-heading-title elementor-size-default\">RISKS\n<\/h3>\t\t\t\t<\/div>\n\t\t\t\t<\/div>\n\t\t\t\t<div class=\"elementor-element elementor-element-499b845 elementor-widget elementor-widget-text-editor\" data-id=\"499b845\" data-element_type=\"widget\" data-e-type=\"widget\" data-widget_type=\"text-editor.default\">\n\t\t\t\t<div class=\"elementor-widget-container\">\n\t\t\t\t\t\t\t\t\t<div data-id=\"af60be1\" data-element_type=\"widget\" data-widget_type=\"heading.default\"><div><div data-id=\"896c0e9\" data-element_type=\"widget\" data-widget_type=\"text-editor.default\"><div><p>Risks related to personal data include data breaches. Personal data stored in the register is protected from unauthorized access, as well as accidental or unlawful destruction, alteration, disclosure, transfer, or any other unlawful processing.<\/p><\/div><\/div><\/div><\/div>\t\t\t\t\t\t\t\t<\/div>\n\t\t\t\t<\/div>\n\t\t\t\t<div class=\"elementor-element elementor-element-14a18631 elementor-invisible elementor-widget elementor-widget-heading\" data-id=\"14a18631\" data-element_type=\"widget\" data-e-type=\"widget\" data-settings=\"{&quot;_animation&quot;:&quot;fadeInUp&quot;,&quot;_animation_mobile&quot;:&quot;fadeInUp&quot;}\" data-widget_type=\"heading.default\">\n\t\t\t\t<div class=\"elementor-widget-container\">\n\t\t\t\t\t<h3 class=\"elementor-heading-title elementor-size-default\">RIGHT OF ACCESS AND RIGHTS RELATED TO THE PROCESSING OF PERSONAL DATA\n<\/h3>\t\t\t\t<\/div>\n\t\t\t\t<\/div>\n\t\t\t\t<div class=\"elementor-element elementor-element-1162f17c elementor-widget elementor-widget-text-editor\" data-id=\"1162f17c\" data-element_type=\"widget\" data-e-type=\"widget\" data-widget_type=\"text-editor.default\">\n\t\t\t\t<div class=\"elementor-widget-container\">\n\t\t\t\t\t\t\t\t\t<div data-id=\"af60be1\" data-element_type=\"widget\" data-widget_type=\"heading.default\"><div><div data-id=\"896c0e9\" data-element_type=\"widget\" data-widget_type=\"text-editor.default\"><div><p>Every individual in the register has the right to check their stored data and request correction of any incorrect information or completion of any incomplete information.<\/p><p>If an individual wishes to check their stored data, request corrections, or request the deletion of their personal data, the request must be sent in writing to the data controller. The data controller may ask the requester to verify their identity if necessary. The data controller will respond to the customer within the time frame specified by the EU data protection regulation (generally within one month).<\/p><\/div><\/div><\/div><\/div>\t\t\t\t\t\t\t\t<\/div>\n\t\t\t\t<\/div>\n\t\t\t\t<div class=\"elementor-element elementor-element-1a3e5ca1 elementor-invisible elementor-widget elementor-widget-heading\" data-id=\"1a3e5ca1\" data-element_type=\"widget\" data-e-type=\"widget\" data-settings=\"{&quot;_animation&quot;:&quot;fadeInUp&quot;,&quot;_animation_mobile&quot;:&quot;fadeInUp&quot;}\" data-widget_type=\"heading.default\">\n\t\t\t\t<div class=\"elementor-widget-container\">\n\t\t\t\t\t<h3 class=\"elementor-heading-title elementor-size-default\">COOKIES AND VISITOR TRACKING\n<\/h3>\t\t\t\t<\/div>\n\t\t\t\t<\/div>\n\t\t\t\t<div class=\"elementor-element elementor-element-220530cc elementor-widget elementor-widget-text-editor\" data-id=\"220530cc\" data-element_type=\"widget\" data-e-type=\"widget\" data-widget_type=\"text-editor.default\">\n\t\t\t\t<div class=\"elementor-widget-container\">\n\t\t\t\t\t\t\t\t\t<div data-id=\"af60be1\" data-element_type=\"widget\" data-widget_type=\"heading.default\"><div><div data-id=\"896c0e9\" data-element_type=\"widget\" data-widget_type=\"text-editor.default\"><div><p>Visitor data and statistics on the website are stored via Google Analytics on Google's servers, which may also be located outside the EEA (in Privacy Shield countries).<\/p><\/div><\/div><\/div><\/div>\t\t\t\t\t\t\t\t<\/div>\n\t\t\t\t<\/div>\n\t\t\t\t<div class=\"elementor-element elementor-element-4a5e9a90 elementor-invisible elementor-widget elementor-widget-heading\" data-id=\"4a5e9a90\" data-element_type=\"widget\" data-e-type=\"widget\" data-settings=\"{&quot;_animation&quot;:&quot;fadeInUp&quot;,&quot;_animation_mobile&quot;:&quot;fadeInUp&quot;}\" data-widget_type=\"heading.default\">\n\t\t\t\t<div class=\"elementor-widget-container\">\n\t\t\t\t\t<h3 class=\"elementor-heading-title elementor-size-default\">WHAT ARE COOKIES?\n<\/h3>\t\t\t\t<\/div>\n\t\t\t\t<\/div>\n\t\t\t\t<div class=\"elementor-element elementor-element-318f5882 elementor-widget elementor-widget-text-editor\" data-id=\"318f5882\" data-element_type=\"widget\" data-e-type=\"widget\" data-widget_type=\"text-editor.default\">\n\t\t\t\t<div class=\"elementor-widget-container\">\n\t\t\t\t\t\t\t\t\t<div data-id=\"af60be1\" data-element_type=\"widget\" data-widget_type=\"heading.default\"><div><div data-id=\"896c0e9\" data-element_type=\"widget\" data-widget_type=\"text-editor.default\"><div><p>Cookies are small text files that are stored on the user's device when they visit a website. Each time the user visits the site, these cookies are sent back, allowing the website to recognize the cookie. Cookies can be used to identify the user\u2019s device, save the choices made by the user on the site, and retain login information. Cookies can also enable visitor tracking, which aims to improve user experience and target advertisements.<\/p><\/div><\/div><\/div><\/div>\t\t\t\t\t\t\t\t<\/div>\n\t\t\t\t<\/div>\n\t\t\t\t<div class=\"elementor-element elementor-element-bbff7de elementor-invisible elementor-widget elementor-widget-heading\" data-id=\"bbff7de\" data-element_type=\"widget\" data-e-type=\"widget\" data-settings=\"{&quot;_animation&quot;:&quot;fadeInUp&quot;,&quot;_animation_mobile&quot;:&quot;fadeInUp&quot;}\" data-widget_type=\"heading.default\">\n\t\t\t\t<div class=\"elementor-widget-container\">\n\t\t\t\t\t<h3 class=\"elementor-heading-title elementor-size-default\">COOKIES USED ON THIS WEBSITE<\/h3>\t\t\t\t<\/div>\n\t\t\t\t<\/div>\n\t\t\t\t<div class=\"elementor-element elementor-element-2be710d2 elementor-widget elementor-widget-text-editor\" data-id=\"2be710d2\" data-element_type=\"widget\" data-e-type=\"widget\" data-widget_type=\"text-editor.default\">\n\t\t\t\t<div class=\"elementor-widget-container\">\n\t\t\t\t\t\t\t\t\t<div data-id=\"af60be1\" data-element_type=\"widget\" data-widget_type=\"heading.default\"><div><div data-id=\"896c0e9\" data-element_type=\"widget\" data-widget_type=\"text-editor.default\"><div><p>This website uses the Google Analytics service, which uses cookies for visitor tracking. Google Analytics cookies can collect information about the user\u2019s<\/p><ul><li>device<\/li><li>location<\/li><li>pages visited (on this site)<\/li><li>opened links<\/li><li>visit duration<\/li><li>source of arrival.<\/li><\/ul><p>This website may contain embedded content from other sources. Loading or opening embedded content is comparable to the user visiting a third-party website themselves.<\/p><\/div><\/div><\/div><\/div>\t\t\t\t\t\t\t\t<\/div>\n\t\t\t\t<\/div>\n\t\t\t\t<div class=\"elementor-element elementor-element-5037c744 elementor-invisible elementor-widget elementor-widget-heading\" data-id=\"5037c744\" data-element_type=\"widget\" data-e-type=\"widget\" data-settings=\"{&quot;_animation&quot;:&quot;fadeInUp&quot;,&quot;_animation_mobile&quot;:&quot;fadeInUp&quot;}\" data-widget_type=\"heading.default\">\n\t\t\t\t<div class=\"elementor-widget-container\">\n\t\t\t\t\t<h3 class=\"elementor-heading-title elementor-size-default\">TARGETING COLLECTED DATA TO INDIVIDUALS\n<\/h3>\t\t\t\t<\/div>\n\t\t\t\t<\/div>\n\t\t\t\t<div class=\"elementor-element elementor-element-57677f98 elementor-widget elementor-widget-text-editor\" data-id=\"57677f98\" data-element_type=\"widget\" data-e-type=\"widget\" data-widget_type=\"text-editor.default\">\n\t\t\t\t<div class=\"elementor-widget-container\">\n\t\t\t\t\t\t\t\t\t<div data-id=\"af60be1\" data-element_type=\"widget\" data-widget_type=\"heading.default\"><div><div data-id=\"896c0e9\" data-element_type=\"widget\" data-widget_type=\"text-editor.default\"><div><p>No collected data can be targeted to individuals, as IP addresses and other identifiers of individuals have been removed from reports. Google Analytics reports provide indicative numbers regarding visitor counts, information about their devices, and behavior on this website.<\/p><\/div><\/div><\/div><\/div>\t\t\t\t\t\t\t\t<\/div>\n\t\t\t\t<\/div>\n\t\t\t\t\t<\/div>\n\t\t<\/div>\n\t\t\t\t\t<\/div>\n\t\t<\/section>\n\t\t\t\t<\/div>","protected":false},"excerpt":{"rendered":"<p>Tietosuoja&shy;seloste REKISTERI- JA TIETOSUOJA&shy;SELOSTE T\u00e4m\u00e4 on Kuerkaltio Lomakyl\u00e4n EU:n yleisen tietosuoja-asetuksen (GDPR) mukainen rekisteri- ja tietosuojaseloste. Laadittu 24.10.2024. \u00a0 REKISTERIN&shy;PIT\u00c4J\u00c4 Kiinteist\u00f6 Oy Kuerkaltio, Kuerkaltion Lomakyl\u00e4\u00a0 \u00a0 \u00a0 \u00a0 \u00a0 \u00a0 \u00a0 \u00a0 \u00a0 \u00a0 \u00a0 \u00a0 \u00a0 \u00a0 \u00a0 \u00a0 \u00a0 \u00a0 \u00a0 \u00a0 \u00a0 \u00a0 \u00a0 \u00a0 \u00a0 \u00a0 \u00a0 \u00a0 \u00a0 \u00a0 \u00a0 [&hellip;]<\/p>\n","protected":false},"author":1,"featured_media":0,"parent":0,"menu_order":0,"comment_status":"closed","ping_status":"closed","template":"","meta":{"footnotes":""},"class_list":["post-1117","page","type-page","status-publish","hentry"],"_links":{"self":[{"href":"https:\/\/kuerkaltio.fi\/en\/wp-json\/wp\/v2\/pages\/1117"}],"collection":[{"href":"https:\/\/kuerkaltio.fi\/en\/wp-json\/wp\/v2\/pages"}],"about":[{"href":"https:\/\/kuerkaltio.fi\/en\/wp-json\/wp\/v2\/types\/page"}],"author":[{"embeddable":true,"href":"https:\/\/kuerkaltio.fi\/en\/wp-json\/wp\/v2\/users\/1"}],"replies":[{"embeddable":true,"href":"https:\/\/kuerkaltio.fi\/en\/wp-json\/wp\/v2\/comments?post=1117"}],"version-history":[{"count":106,"href":"https:\/\/kuerkaltio.fi\/en\/wp-json\/wp\/v2\/pages\/1117\/revisions"}],"predecessor-version":[{"id":5945,"href":"https:\/\/kuerkaltio.fi\/en\/wp-json\/wp\/v2\/pages\/1117\/revisions\/5945"}],"wp:attachment":[{"href":"https:\/\/kuerkaltio.fi\/en\/wp-json\/wp\/v2\/media?parent=1117"}],"curies":[{"name":"wp","href":"https:\/\/api.w.org\/{rel}","templated":true}]}}